{"id":17422,"date":"2022-10-18T14:42:35","date_gmt":"2022-10-18T12:42:35","guid":{"rendered":"https:\/\/bico.ch\/catalogues-brochures\/"},"modified":"2025-08-08T15:34:38","modified_gmt":"2025-08-08T13:34:38","slug":"catalogues-brochures","status":"publish","type":"page","link":"https:\/\/bico.ch\/fr\/catalogues-brochures\/","title":{"rendered":"Catalogues &#038; brochures"},"content":{"rendered":"\n<div id=\"lead-text-block_c4fabe1cb957edd3b8e697de7acd0639\" class=\"lead-text \n mt-small\">\n      <div class=\"container\">\n      <div class=\"row\">\n        <div class=\"offset-xl-2 col-xl-8\">\n\n          \n          \n                      <h1 class=\"title text-center h1 h1-big text-center mb-0\">Downloads<\/h1>\n          \n          \n        <\/div>\n      <\/div>\n    <\/div>\n  <\/div>\n\n\n<div id=\"download-dateien-block_b562ca1cc2e133754f72ce65a2aef6be\" class=\"download-dateien \n mt-big \">\n\n      <div class=\"container\">\n      <div class=\"row\">\n\n        <div class=\"col-lg-4 offset-xl-1\">\n\n                      <h2 class=\"h2\">Catalogues &#038; brochures<\/h2>\n          \n                      <div class=\"custom-data-table-filters\">\n                              <div class=\"custom-data-table-filter-wrapper custom-data-table-filter-wrapper-brand\">\n                  <div class=\"form-floating form-floating-select\">\n                    <select id=\"customDataTableFilterSelectBrands_download-dateien-block_b562ca1cc2e133754f72ce65a2aef6be\" class=\"form-select custom-data-table-select\" aria-label=\"Marques\">\n                      <option value=\"all\">Tout afficher<\/option>\n                                              <option value=\"basics by BICO\">basics by BICO<\/option>\n                                              <option value=\"BICO\">BICO<\/option>\n                                              <option value=\"Isabelle by BICO\">Isabelle by BICO<\/option>\n                                              <option value=\"BICO Selection\">BICO Selection<\/option>\n                                          <\/select>\n                    <label for=\"customDataTableFilterSelectBrands_download-dateien-block_b562ca1cc2e133754f72ce65a2aef6be\">Marques<\/label>\n                  <\/div>\n                <\/div>\n                                            <div class=\"custom-data-table-filter-wrapper custom-data-table-filter-wrapper-producttype\">\n                                      <div class=\"form-check form-check-inline\">\n                      <input class=\"form-check-input custom-data-table-filter\" type=\"checkbox\" value=\"Matelas &amp; surmatelas\" id=\"271_download-dateien-block_b562ca1cc2e133754f72ce65a2aef6be\">\n                      <label class=\"form-check-label\" for=\"271_download-dateien-block_b562ca1cc2e133754f72ce65a2aef6be\">Matelas &amp; surmatelas<\/label>\n                    <\/div>\n                                      <div class=\"form-check form-check-inline\">\n                      <input class=\"form-check-input custom-data-table-filter\" type=\"checkbox\" value=\"Sommiers\" id=\"270_download-dateien-block_b562ca1cc2e133754f72ce65a2aef6be\">\n                      <label class=\"form-check-label\" for=\"270_download-dateien-block_b562ca1cc2e133754f72ce65a2aef6be\">Sommiers<\/label>\n                    <\/div>\n                                      <div class=\"form-check form-check-inline\">\n                      <input class=\"form-check-input custom-data-table-filter\" type=\"checkbox\" value=\"Lits boxspring\" id=\"269_download-dateien-block_b562ca1cc2e133754f72ce65a2aef6be\">\n                      <label class=\"form-check-label\" for=\"269_download-dateien-block_b562ca1cc2e133754f72ce65a2aef6be\">Lits boxspring<\/label>\n                    <\/div>\n                                      <div class=\"form-check form-check-inline\">\n                      <input class=\"form-check-input custom-data-table-filter\" type=\"checkbox\" value=\"Lits\" id=\"268_download-dateien-block_b562ca1cc2e133754f72ce65a2aef6be\">\n                      <label class=\"form-check-label\" for=\"268_download-dateien-block_b562ca1cc2e133754f72ce65a2aef6be\">Lits<\/label>\n                    <\/div>\n                                      <div class=\"form-check form-check-inline\">\n                      <input class=\"form-check-input custom-data-table-filter\" type=\"checkbox\" value=\"Oreillers &amp; duvets\" id=\"457_download-dateien-block_b562ca1cc2e133754f72ce65a2aef6be\">\n                      <label class=\"form-check-label\" for=\"457_download-dateien-block_b562ca1cc2e133754f72ce65a2aef6be\">Oreillers &amp; duvets<\/label>\n                    <\/div>\n                                      <div class=\"form-check form-check-inline\">\n                      <input class=\"form-check-input custom-data-table-filter\" type=\"checkbox\" value=\"Linge de lit\" id=\"458_download-dateien-block_b562ca1cc2e133754f72ce65a2aef6be\">\n                      <label class=\"form-check-label\" for=\"458_download-dateien-block_b562ca1cc2e133754f72ce65a2aef6be\">Linge de lit<\/label>\n                    <\/div>\n                                      <div class=\"form-check form-check-inline\">\n                      <input class=\"form-check-input custom-data-table-filter\" type=\"checkbox\" value=\"Accessoires\" id=\"456_download-dateien-block_b562ca1cc2e133754f72ce65a2aef6be\">\n                      <label class=\"form-check-label\" for=\"456_download-dateien-block_b562ca1cc2e133754f72ce65a2aef6be\">Accessoires<\/label>\n                    <\/div>\n                                    <div class=\"form-check\">\n                    <input class=\"form-check-input custom-data-table-filter show-all\" type=\"radio\" value=\"all\" id=\"customDataTableFilterProducttypeAll_download-dateien-block_b562ca1cc2e133754f72ce65a2aef6be\" checked>\n                    <label class=\"form-check-label\" for=\"customDataTableFilterProducttypeAll_download-dateien-block_b562ca1cc2e133754f72ce65a2aef6be\">Tout afficher<\/label>\n                  <\/div>\n                <\/div>\n                          <\/div>\n          \n        <\/div>\n\n        <div class=\"col-lg-8 col-xl-6\">\n\n          <table id=\"customDataTableDownloads_download-dateien-block_b562ca1cc2e133754f72ce65a2aef6be\" class=\"custom-data-table mb-4\" style=\"width:100%\" data-searchplaceholder=\"Chercher\" data-zero-records-text=\"Aucun r\u00e9sultat disponible pour les crit\u00e8res de filtrage s\u00e9lectionn\u00e9s\n\">\n            <thead style=\"display: none!important;\">\n              <tr>\n                <th><\/th>\n                <th><\/th>\n                <th><\/th>\n                <th><\/th>\n              <\/tr>\n            <\/thead>\n            <tbody>\n                                                <tr>\n                    <td>\n                      <div class=\"download-item\">\n                        <a class=\"download-item-link\" download href=\"https:\/\/bico.ch\/fr\/?attachment_id=512956\">\n                          <div class=\"download-item-desc\">\n                            <div class=\"download-item-teaser-img-wrapper\">\n                                                              <img decoding=\"async\" class=\"img-fluid\" src=\"https:\/\/bico.ch\/wp-content\/uploads\/2025\/03\/bico-isabelle-katalog-2025-fr-aspect-ratio-93-65.webp\" alt=\"\" loading=\"lazy\">\n                                                          <\/div>\n                            <div class=\"download-item-meta\">\n                              <strong class=\"download-item-file-title d-block font-size-body font-secondary\">Catalogue BICO \/ Isabelle by BICO 2025<\/strong>\n                              <span class=\"download-item-file-info d-block font-secondary text-light\">pdf 4,7 Mo<\/span>\n                            <\/div>\n                          <\/div>\n                          <div class=\"download-item-actions\">\n                            <span class=\"font-size-body font-secondary text-500\">T\u00e9l\u00e9charger<\/span>\n                            <div class=\"download-item-action-icon\">\n                              <i class=\"fa-kit fa-icon-arrow-down-medium\"><\/i>\n                              <i class=\"fa-kit fa-icon-arrow-down-medium\"><\/i>\n                            <\/div>\n                          <\/div>\n                        <\/a>\n                      <\/div>\n                    <\/td>\n                    <td style=\"display: none!important;\">Catalogue BICO \/ Isabelle by BICO 2025<\/td>\n                    <td style=\"display: none!important;\">BICO|Isabelle by BICO|BICO Selection<\/td>\n                    <td style=\"display: none!important;\">Matelas &amp; surmatelas|Sommiers|Lits boxspring|Lits|Oreillers &amp; duvets|Linge de lit|Accessoires<\/td>\n                  <\/tr>\n                                                                <tr>\n                    <td>\n                      <div class=\"download-item\">\n                        <a class=\"download-item-link\" download href=\"https:\/\/bico.ch\/fr\/?attachment_id=512991\">\n                          <div class=\"download-item-desc\">\n                            <div class=\"download-item-teaser-img-wrapper\">\n                                                              <img decoding=\"async\" class=\"img-fluid\" src=\"https:\/\/bico.ch\/wp-content\/uploads\/2025\/03\/bico-basics-broschuere-2025-de-aspect-ratio-93-65-1.webp\" alt=\"\" loading=\"lazy\">\n                                                          <\/div>\n                            <div class=\"download-item-meta\">\n                              <strong class=\"download-item-file-title d-block font-size-body font-secondary\">Brochure basics by BICO 2025<\/strong>\n                              <span class=\"download-item-file-info d-block font-secondary text-light\">pdf 4,6 Mo<\/span>\n                            <\/div>\n                          <\/div>\n                          <div class=\"download-item-actions\">\n                            <span class=\"font-size-body font-secondary text-500\">T\u00e9l\u00e9charger<\/span>\n                            <div class=\"download-item-action-icon\">\n                              <i class=\"fa-kit fa-icon-arrow-down-medium\"><\/i>\n                              <i class=\"fa-kit fa-icon-arrow-down-medium\"><\/i>\n                            <\/div>\n                          <\/div>\n                        <\/a>\n                      <\/div>\n                    <\/td>\n                    <td style=\"display: none!important;\">Brochure basics by BICO 2025<\/td>\n                    <td style=\"display: none!important;\">basics by BICO<\/td>\n                    <td style=\"display: none!important;\">Matelas &amp; surmatelas|Sommiers|Lits boxspring|Oreillers &amp; duvets<\/td>\n                  <\/tr>\n                                                        <\/tbody>\n          <\/table>\n\n        <\/div>\n\n      <\/div>\n    <\/div>\n  <\/div>\n\n\n<div id=\"bild-text-block_b95290c986877524a921240ce8982f3d\" class=\"bild-text \n mt-medium mb-medium variante-1 mobile-column\">\n\n  \n\n\n\n  <div class=\"container\">\n    <div class=\"row element-row align-items-center align-items-lg-start \">\n\n      \n      <div class=\"text-column col-md-8 col-lg-5 col-lg-5 offset-lg-0 offset-xl-1 col-xl-4\n              \">\n\n                  <h3 class=\"h5 lead\">Contact<\/h3>\n                          <h2  class=\"h2 large \">Recevoir la documentation par courrier<\/h2>\n                          <div class=\"wysiwyg text\"><p>Nous vous envoyons volontiers les catalogues et brochures par la Poste. Pour ce faire, veuillez remplir le formulaire de contact ci-dessous. Merci beaucoup.<\/p>\n<\/div>\n        \n        \n\n                  <div class=\"btn-wrapper\">\n                                          <div>\n                  <button class=\"btn btn-primary\" type=\"button\" data-bs-toggle=\"offcanvas\" data-bs-target=\"#offcanvasContact\" aria-controls=\"offcanvasContact\">\n                    Formulaire de contact                  <\/button>\n                <\/div>\n                                    <\/div>\n        \n        \n\n\n      <\/div>\n\n      \n              <div class=\"image-column  offset-lg-1 col-lg-6 offset-xl-1 col-xl-6\">\n                  <\/div>\n      \n\n      \n\n    <\/div>\n  <\/div>\n<\/div>","protected":false},"excerpt":{"rendered":"","protected":false},"author":7,"featured_media":0,"parent":0,"menu_order":0,"comment_status":"closed","ping_status":"closed","template":"","meta":{"_acf_changed":false,"footnotes":""},"class_list":["post-17422","page","type-page","status-publish","hentry"],"acf":[],"yoast_head":"<!-- This site is optimized with the Yoast SEO Premium plugin v27.4 (Yoast SEO v27.5) - https:\/\/yoast.com\/product\/yoast-seo-premium-wordpress\/ -->\n<title>Catalogues &amp; brochures \u00e0 consulter en ligne | BICO<\/title>\n<meta name=\"description\" content=\"Vous trouverez ici nos catalogues et brochures \u00e0 t\u00e9l\u00e9charger facilement en ligne.\" \/>\n<meta name=\"robots\" content=\"index, follow, max-snippet:-1, max-image-preview:large, max-video-preview:-1\" \/>\n<link rel=\"canonical\" href=\"https:\/\/bico.ch\/fr\/catalogues-brochures\/\" \/>\n<meta property=\"og:locale\" content=\"fr_FR\" \/>\n<meta property=\"og:type\" content=\"article\" \/>\n<meta property=\"og:title\" content=\"Catalogues &amp; brochures\" \/>\n<meta property=\"og:description\" content=\"Vous trouverez ici nos catalogues et brochures \u00e0 t\u00e9l\u00e9charger facilement en ligne.\" \/>\n<meta property=\"og:url\" content=\"https:\/\/bico.ch\/fr\/catalogues-brochures\/\" \/>\n<meta property=\"og:site_name\" content=\"BICO\" \/>\n<meta property=\"article:publisher\" content=\"https:\/\/www.facebook.com\/bicoswitzerland\" \/>\n<meta property=\"article:modified_time\" content=\"2025-08-08T13:34:38+00:00\" \/>\n<meta property=\"og:image\" content=\"https:\/\/bico.ch\/wp-content\/uploads\/2022\/11\/bico-startseitenbild-schweizer-berge-sternenhimmel.webp\" \/>\n\t<meta property=\"og:image:width\" content=\"1920\" \/>\n\t<meta property=\"og:image:height\" content=\"1440\" \/>\n\t<meta property=\"og:image:type\" content=\"image\/jpeg\" \/>\n<script type=\"application\/ld+json\" class=\"yoast-schema-graph\">{\"@context\":\"https:\\\/\\\/schema.org\",\"@graph\":[{\"@type\":\"WebPage\",\"@id\":\"https:\\\/\\\/bico.ch\\\/fr\\\/catalogues-brochures\\\/\",\"url\":\"https:\\\/\\\/bico.ch\\\/fr\\\/catalogues-brochures\\\/\",\"name\":\"Catalogues & brochures \u00e0 consulter en ligne | BICO\",\"isPartOf\":{\"@id\":\"https:\\\/\\\/bico.ch\\\/fr\\\/#website\"},\"datePublished\":\"2022-10-18T12:42:35+00:00\",\"dateModified\":\"2025-08-08T13:34:38+00:00\",\"description\":\"Vous trouverez ici nos catalogues et brochures \u00e0 t\u00e9l\u00e9charger facilement en ligne.\",\"breadcrumb\":{\"@id\":\"https:\\\/\\\/bico.ch\\\/fr\\\/catalogues-brochures\\\/#breadcrumb\"},\"inLanguage\":\"fr-FR\",\"potentialAction\":[{\"@type\":\"ReadAction\",\"target\":[\"https:\\\/\\\/bico.ch\\\/fr\\\/catalogues-brochures\\\/\"]}]},{\"@type\":\"BreadcrumbList\",\"@id\":\"https:\\\/\\\/bico.ch\\\/fr\\\/catalogues-brochures\\\/#breadcrumb\",\"itemListElement\":[{\"@type\":\"ListItem\",\"position\":1,\"name\":\"Startseite\",\"item\":\"https:\\\/\\\/bico.ch\\\/fr\\\/\"},{\"@type\":\"ListItem\",\"position\":2,\"name\":\"Catalogues &#038; brochures\"}]},{\"@type\":\"WebSite\",\"@id\":\"https:\\\/\\\/bico.ch\\\/fr\\\/#website\",\"url\":\"https:\\\/\\\/bico.ch\\\/fr\\\/\",\"name\":\"BICO\",\"description\":\"F\u00fcr \u00e4 t\u00fc\u00fcf\u00e4 gsund\u00e4 Schlaaf.\u00ae\",\"publisher\":{\"@id\":\"https:\\\/\\\/bico.ch\\\/fr\\\/#organization\"},\"alternateName\":\"bico.ch\",\"potentialAction\":[{\"@type\":\"SearchAction\",\"target\":{\"@type\":\"EntryPoint\",\"urlTemplate\":\"https:\\\/\\\/bico.ch\\\/fr\\\/?s={search_term_string}\"},\"query-input\":{\"@type\":\"PropertyValueSpecification\",\"valueRequired\":true,\"valueName\":\"search_term_string\"}}],\"inLanguage\":\"fr-FR\"},{\"@type\":\"Organization\",\"@id\":\"https:\\\/\\\/bico.ch\\\/fr\\\/#organization\",\"name\":\"BICO\",\"url\":\"https:\\\/\\\/bico.ch\\\/fr\\\/\",\"logo\":{\"@type\":\"ImageObject\",\"inLanguage\":\"fr-FR\",\"@id\":\"https:\\\/\\\/bico.ch\\\/fr\\\/#\\\/schema\\\/logo\\\/image\\\/\",\"url\":\"https:\\\/\\\/bico.ch\\\/wp-content\\\/uploads\\\/2022\\\/11\\\/BICO_Logo_Black-e1667997604131.png\",\"contentUrl\":\"https:\\\/\\\/bico.ch\\\/wp-content\\\/uploads\\\/2022\\\/11\\\/BICO_Logo_Black-e1667997604131.png\",\"width\":2481,\"height\":1754,\"caption\":\"BICO\"},\"image\":{\"@id\":\"https:\\\/\\\/bico.ch\\\/fr\\\/#\\\/schema\\\/logo\\\/image\\\/\"},\"sameAs\":[\"https:\\\/\\\/www.facebook.com\\\/bicoswitzerland\",\"https:\\\/\\\/www.instagram.com\\\/bicoswitzerland\\\/\",\"https:\\\/\\\/www.youtube.com\\\/channel\\\/UCnyVAqYqj5XdkWKWY5CFJ3A\",\"https:\\\/\\\/www.linkedin.com\\\/showcase\\\/bicoswitzerland\\\/\"]}]}<\/script>\n<!-- \/ Yoast SEO Premium plugin. -->","yoast_head_json":{"title":"Catalogues & brochures \u00e0 consulter en ligne | BICO","description":"Vous trouverez ici nos catalogues et brochures \u00e0 t\u00e9l\u00e9charger facilement en ligne.","robots":{"index":"index","follow":"follow","max-snippet":"max-snippet:-1","max-image-preview":"max-image-preview:large","max-video-preview":"max-video-preview:-1"},"canonical":"https:\/\/bico.ch\/fr\/catalogues-brochures\/","og_locale":"fr_FR","og_type":"article","og_title":"Catalogues & brochures","og_description":"Vous trouverez ici nos catalogues et brochures \u00e0 t\u00e9l\u00e9charger facilement en ligne.","og_url":"https:\/\/bico.ch\/fr\/catalogues-brochures\/","og_site_name":"BICO","article_publisher":"https:\/\/www.facebook.com\/bicoswitzerland","article_modified_time":"2025-08-08T13:34:38+00:00","og_image":[{"width":1920,"height":1440,"url":"https:\/\/bico.ch\/wp-content\/uploads\/2022\/11\/bico-startseitenbild-schweizer-berge-sternenhimmel.webp","type":"image\/jpeg"}],"schema":{"@context":"https:\/\/schema.org","@graph":[{"@type":"WebPage","@id":"https:\/\/bico.ch\/fr\/catalogues-brochures\/","url":"https:\/\/bico.ch\/fr\/catalogues-brochures\/","name":"Catalogues & brochures \u00e0 consulter en ligne | BICO","isPartOf":{"@id":"https:\/\/bico.ch\/fr\/#website"},"datePublished":"2022-10-18T12:42:35+00:00","dateModified":"2025-08-08T13:34:38+00:00","description":"Vous trouverez ici nos catalogues et brochures \u00e0 t\u00e9l\u00e9charger facilement en ligne.","breadcrumb":{"@id":"https:\/\/bico.ch\/fr\/catalogues-brochures\/#breadcrumb"},"inLanguage":"fr-FR","potentialAction":[{"@type":"ReadAction","target":["https:\/\/bico.ch\/fr\/catalogues-brochures\/"]}]},{"@type":"BreadcrumbList","@id":"https:\/\/bico.ch\/fr\/catalogues-brochures\/#breadcrumb","itemListElement":[{"@type":"ListItem","position":1,"name":"Startseite","item":"https:\/\/bico.ch\/fr\/"},{"@type":"ListItem","position":2,"name":"Catalogues &#038; brochures"}]},{"@type":"WebSite","@id":"https:\/\/bico.ch\/fr\/#website","url":"https:\/\/bico.ch\/fr\/","name":"BICO","description":"F\u00fcr \u00e4 t\u00fc\u00fcf\u00e4 gsund\u00e4 Schlaaf.\u00ae","publisher":{"@id":"https:\/\/bico.ch\/fr\/#organization"},"alternateName":"bico.ch","potentialAction":[{"@type":"SearchAction","target":{"@type":"EntryPoint","urlTemplate":"https:\/\/bico.ch\/fr\/?s={search_term_string}"},"query-input":{"@type":"PropertyValueSpecification","valueRequired":true,"valueName":"search_term_string"}}],"inLanguage":"fr-FR"},{"@type":"Organization","@id":"https:\/\/bico.ch\/fr\/#organization","name":"BICO","url":"https:\/\/bico.ch\/fr\/","logo":{"@type":"ImageObject","inLanguage":"fr-FR","@id":"https:\/\/bico.ch\/fr\/#\/schema\/logo\/image\/","url":"https:\/\/bico.ch\/wp-content\/uploads\/2022\/11\/BICO_Logo_Black-e1667997604131.png","contentUrl":"https:\/\/bico.ch\/wp-content\/uploads\/2022\/11\/BICO_Logo_Black-e1667997604131.png","width":2481,"height":1754,"caption":"BICO"},"image":{"@id":"https:\/\/bico.ch\/fr\/#\/schema\/logo\/image\/"},"sameAs":["https:\/\/www.facebook.com\/bicoswitzerland","https:\/\/www.instagram.com\/bicoswitzerland\/","https:\/\/www.youtube.com\/channel\/UCnyVAqYqj5XdkWKWY5CFJ3A","https:\/\/www.linkedin.com\/showcase\/bicoswitzerland\/"]}]}},"_links":{"self":[{"href":"https:\/\/bico.ch\/fr\/wp-json\/wp\/v2\/pages\/17422","targetHints":{"allow":["GET"]}}],"collection":[{"href":"https:\/\/bico.ch\/fr\/wp-json\/wp\/v2\/pages"}],"about":[{"href":"https:\/\/bico.ch\/fr\/wp-json\/wp\/v2\/types\/page"}],"author":[{"embeddable":true,"href":"https:\/\/bico.ch\/fr\/wp-json\/wp\/v2\/users\/7"}],"replies":[{"embeddable":true,"href":"https:\/\/bico.ch\/fr\/wp-json\/wp\/v2\/comments?post=17422"}],"version-history":[{"count":1,"href":"https:\/\/bico.ch\/fr\/wp-json\/wp\/v2\/pages\/17422\/revisions"}],"predecessor-version":[{"id":615069,"href":"https:\/\/bico.ch\/fr\/wp-json\/wp\/v2\/pages\/17422\/revisions\/615069"}],"wp:attachment":[{"href":"https:\/\/bico.ch\/fr\/wp-json\/wp\/v2\/media?parent=17422"}],"curies":[{"name":"wp","href":"https:\/\/api.w.org\/{rel}","templated":true}]}}