{"id":185758,"date":"2023-10-17T08:56:23","date_gmt":"2023-10-17T06:56:23","guid":{"rendered":"https:\/\/bico.ch\/?page_id=185758"},"modified":"2024-04-25T17:17:54","modified_gmt":"2024-04-25T15:17:54","slug":"inscrire","status":"publish","type":"page","link":"https:\/\/bico.ch\/fr\/inscrire\/","title":{"rendered":"Inscrire"},"content":{"rendered":"\n<div id=\"registrieren-block_83e142717c8e8d69d7630a4a93c99adc\" class=\"registrieren \n mt-medium mb-medium\">\n\n  <div class=\"container\">\n    <div class=\"woocommerce-notices-wrapper\"><\/div>\n  <\/div>\n\n  <div class=\"mb-medium hero-3 woocommerce-login\">\n    <div class=\"container\">\n\n\n\n      <div class=\"row\">\n\n        <div class=\"col-lg-6 px-0 pe-lg-0 bg-sand\">\n          <div class=\"row\">\n            <div class=\"col-lg-12\">\n              <img decoding=\"async\" class=\"img-fluid\" src=\"https:\/\/bico.ch\/wp-content\/uploads\/2022\/10\/01-bico-boxspringbett-classic-simplon-stich-1-aspect-ratio-702-666.webp\" alt=\"\" loading=\"lazy\">\n            <\/div>\n          <\/div>\n        <\/div>\n\n\n        <div class=\"col-lg-6 px-0 ps-lg-0\">\n          <div class=\"bg bg-sand\">\n\n\n            <h1 class=\"h2 mb-3\">Cr\u00e9er un compte<\/h1>\n\n\n            <form method=\"post\" class=\"woocommerce-form woocommerce-form-register register font-size-smaller\" >\n\n              \n              \n\n              <div class=\"form-row mb-3\">\n\n                <div class=\"row g-3\">\n\n                  <div class=\"col-lg-6\">\n\n                    <div class=\"form-floating\">\n                      <input type=\"text\" id=\"reg_billing_first_name\" class=\"form-control\" placeholder=\"Pr\u00e9nom\" name=\"billing_first_name\" value=\"\" \/>\n                      <label for=\"reg_billing_first_name\">Pr\u00e9nom<\/label>\n                    <\/div>\n                  <\/div>\n                  <div class=\"col-lg-6\">\n\n                    <div class=\"form-floating\">\n                      <input type=\"text\" id=\"reg_billing_last_name\" class=\"form-control\" placeholder=\"Nom\" name=\"billing_last_name\" value=\"\" \/>\n                      <label for=\"reg_billing_last_name\">Nom<\/label>\n                    <\/div>\n                  <\/div>\n                <\/div>\n\n              <\/div>\n\n\n\n              <div class=\"form-row\">\n                <div class=\"form-floating\">\n                  <input type=\"email\" id=\"reg_email\" class=\"form-control\" placeholder=\"Adresse e-mail \" name=\"email\" id=\"reg_email\" autocomplete=\"email\" value=\"\" \/>\n                  <label for=\"reg_email\">Adresse e-mail <\/label>\n                <\/div>\n              <\/div>\n\n\n              \n                <div class=\"font-secondary mt-3\">\n                  <p>Un lien pour d\u00e9finir votre nouveau mot de passe sera envoy\u00e9 \u00e0 votre adresse e-mail.<\/p>\n\n                <\/div>\n\n              \n              <div class=\"font-secondary\">\n                <wc-order-attribution-inputs><\/wc-order-attribution-inputs><div class=\"woocommerce-privacy-policy-text\"><p>Nous utilisons vos donn\u00e9es personnelles afin de pouvoir ex\u00e9cuter votre commande, de permettre la meilleure exp\u00e9rience utilisateur possible sur ce site web et pour d&rsquo;autres raisons d\u00e9crites dans notre <a href=\"https:\/\/bico.ch\/datenschutz\/\" class=\"woocommerce-privacy-policy-link\" target=\"_blank\">politique de confidentialit\u00e9<\/a>.<\/p>\n<\/div>              <\/div>\n\n              <p class=\"woocommerce-form-row form-row mt-4\">\n                <input type=\"hidden\" id=\"woocommerce-register-nonce\" name=\"woocommerce-register-nonce\" value=\"e2de5fe5a4\" \/><input type=\"hidden\" name=\"_wp_http_referer\" value=\"\/fr\/wp-json\/wp\/v2\/pages\/185758\" \/>                <input type=\"hidden\" name=\"_wp_http_referer\" value=\"https:\/\/bico.ch\/fr\/mon-compte\/\">\n                <button type=\"submit\" class=\"btn btn-primary woocommerce-form-register__submit\" name=\"register\" value=\"Inscrivez-vous\">Inscrivez-vous<\/button>\n              <\/p>\n\n              <p class=\"woocommerce-login login mt-4\">\n                <a class=\"line-link\" href=\"https:\/\/bico.ch\/fr\/mon-compte\/\">Se connecter<\/a>\n              <\/p>\n\n              \n            <\/form>\n\n          <\/div>\n        <\/div>\n      <\/div>\n    <\/div>\n  <\/div>\n\n  <\/div>","protected":false},"excerpt":{"rendered":"","protected":false},"author":1,"featured_media":0,"parent":0,"menu_order":0,"comment_status":"closed","ping_status":"closed","template":"","meta":{"_acf_changed":false,"footnotes":""},"class_list":["post-185758","page","type-page","status-publish","hentry"],"acf":[],"yoast_head":"<!-- This site is optimized with the Yoast SEO Premium plugin v27.3 (Yoast SEO v27.4) - https:\/\/yoast.com\/product\/yoast-seo-premium-wordpress\/ -->\n<title>Inscrire | BICO<\/title>\n<meta name=\"description\" content=\"Inscrire\" \/>\n<meta name=\"robots\" content=\"noindex, nofollow\" \/>\n<meta property=\"og:locale\" content=\"fr_FR\" \/>\n<meta property=\"og:type\" content=\"article\" \/>\n<meta property=\"og:title\" content=\"Inscrire\" \/>\n<meta property=\"og:description\" content=\"Inscrire\" \/>\n<meta property=\"og:url\" content=\"https:\/\/bico.ch\/fr\/inscrire\/\" \/>\n<meta property=\"og:site_name\" content=\"BICO\" \/>\n<meta property=\"article:publisher\" content=\"https:\/\/www.facebook.com\/bicoswitzerland\" \/>\n<meta property=\"article:modified_time\" content=\"2024-04-25T15:17:54+00:00\" \/>\n<meta property=\"og:image\" content=\"https:\/\/bico.ch\/wp-content\/uploads\/2022\/11\/bico-startseitenbild-schweizer-berge-sternenhimmel.webp\" \/>\n\t<meta property=\"og:image:width\" content=\"1920\" \/>\n\t<meta property=\"og:image:height\" content=\"1440\" \/>\n\t<meta property=\"og:image:type\" content=\"image\/jpeg\" \/>\n<script type=\"application\/ld+json\" class=\"yoast-schema-graph\">{\"@context\":\"https:\\\/\\\/schema.org\",\"@graph\":[{\"@type\":\"WebPage\",\"@id\":\"https:\\\/\\\/bico.ch\\\/fr\\\/inscrire\\\/\",\"url\":\"https:\\\/\\\/bico.ch\\\/fr\\\/inscrire\\\/\",\"name\":\"Inscrire | BICO\",\"isPartOf\":{\"@id\":\"https:\\\/\\\/bico.ch\\\/fr\\\/#website\"},\"datePublished\":\"2023-10-17T06:56:23+00:00\",\"dateModified\":\"2024-04-25T15:17:54+00:00\",\"description\":\"Inscrire\",\"breadcrumb\":{\"@id\":\"https:\\\/\\\/bico.ch\\\/fr\\\/inscrire\\\/#breadcrumb\"},\"inLanguage\":\"fr-FR\",\"potentialAction\":[{\"@type\":\"ReadAction\",\"target\":[\"https:\\\/\\\/bico.ch\\\/fr\\\/inscrire\\\/\"]}]},{\"@type\":\"BreadcrumbList\",\"@id\":\"https:\\\/\\\/bico.ch\\\/fr\\\/inscrire\\\/#breadcrumb\",\"itemListElement\":[{\"@type\":\"ListItem\",\"position\":1,\"name\":\"Startseite\",\"item\":\"https:\\\/\\\/bico.ch\\\/fr\\\/\"},{\"@type\":\"ListItem\",\"position\":2,\"name\":\"Inscrire\"}]},{\"@type\":\"WebSite\",\"@id\":\"https:\\\/\\\/bico.ch\\\/fr\\\/#website\",\"url\":\"https:\\\/\\\/bico.ch\\\/fr\\\/\",\"name\":\"BICO\",\"description\":\"F\u00fcr \u00e4 t\u00fc\u00fcf\u00e4 gsund\u00e4 Schlaaf.\u00ae\",\"publisher\":{\"@id\":\"https:\\\/\\\/bico.ch\\\/fr\\\/#organization\"},\"alternateName\":\"bico.ch\",\"potentialAction\":[{\"@type\":\"SearchAction\",\"target\":{\"@type\":\"EntryPoint\",\"urlTemplate\":\"https:\\\/\\\/bico.ch\\\/fr\\\/?s={search_term_string}\"},\"query-input\":{\"@type\":\"PropertyValueSpecification\",\"valueRequired\":true,\"valueName\":\"search_term_string\"}}],\"inLanguage\":\"fr-FR\"},{\"@type\":\"Organization\",\"@id\":\"https:\\\/\\\/bico.ch\\\/fr\\\/#organization\",\"name\":\"BICO\",\"url\":\"https:\\\/\\\/bico.ch\\\/fr\\\/\",\"logo\":{\"@type\":\"ImageObject\",\"inLanguage\":\"fr-FR\",\"@id\":\"https:\\\/\\\/bico.ch\\\/fr\\\/#\\\/schema\\\/logo\\\/image\\\/\",\"url\":\"https:\\\/\\\/bico.ch\\\/wp-content\\\/uploads\\\/2022\\\/11\\\/BICO_Logo_Black-e1667997604131.png\",\"contentUrl\":\"https:\\\/\\\/bico.ch\\\/wp-content\\\/uploads\\\/2022\\\/11\\\/BICO_Logo_Black-e1667997604131.png\",\"width\":2481,\"height\":1754,\"caption\":\"BICO\"},\"image\":{\"@id\":\"https:\\\/\\\/bico.ch\\\/fr\\\/#\\\/schema\\\/logo\\\/image\\\/\"},\"sameAs\":[\"https:\\\/\\\/www.facebook.com\\\/bicoswitzerland\",\"https:\\\/\\\/www.instagram.com\\\/bicoswitzerland\\\/\",\"https:\\\/\\\/www.youtube.com\\\/channel\\\/UCnyVAqYqj5XdkWKWY5CFJ3A\",\"https:\\\/\\\/www.linkedin.com\\\/showcase\\\/bicoswitzerland\\\/\"]}]}<\/script>\n<!-- \/ Yoast SEO Premium plugin. -->","yoast_head_json":{"title":"Inscrire | BICO","description":"Inscrire","robots":{"index":"noindex","follow":"nofollow"},"og_locale":"fr_FR","og_type":"article","og_title":"Inscrire","og_description":"Inscrire","og_url":"https:\/\/bico.ch\/fr\/inscrire\/","og_site_name":"BICO","article_publisher":"https:\/\/www.facebook.com\/bicoswitzerland","article_modified_time":"2024-04-25T15:17:54+00:00","og_image":[{"width":1920,"height":1440,"url":"https:\/\/bico.ch\/wp-content\/uploads\/2022\/11\/bico-startseitenbild-schweizer-berge-sternenhimmel.webp","type":"image\/jpeg"}],"schema":{"@context":"https:\/\/schema.org","@graph":[{"@type":"WebPage","@id":"https:\/\/bico.ch\/fr\/inscrire\/","url":"https:\/\/bico.ch\/fr\/inscrire\/","name":"Inscrire | BICO","isPartOf":{"@id":"https:\/\/bico.ch\/fr\/#website"},"datePublished":"2023-10-17T06:56:23+00:00","dateModified":"2024-04-25T15:17:54+00:00","description":"Inscrire","breadcrumb":{"@id":"https:\/\/bico.ch\/fr\/inscrire\/#breadcrumb"},"inLanguage":"fr-FR","potentialAction":[{"@type":"ReadAction","target":["https:\/\/bico.ch\/fr\/inscrire\/"]}]},{"@type":"BreadcrumbList","@id":"https:\/\/bico.ch\/fr\/inscrire\/#breadcrumb","itemListElement":[{"@type":"ListItem","position":1,"name":"Startseite","item":"https:\/\/bico.ch\/fr\/"},{"@type":"ListItem","position":2,"name":"Inscrire"}]},{"@type":"WebSite","@id":"https:\/\/bico.ch\/fr\/#website","url":"https:\/\/bico.ch\/fr\/","name":"BICO","description":"F\u00fcr \u00e4 t\u00fc\u00fcf\u00e4 gsund\u00e4 Schlaaf.\u00ae","publisher":{"@id":"https:\/\/bico.ch\/fr\/#organization"},"alternateName":"bico.ch","potentialAction":[{"@type":"SearchAction","target":{"@type":"EntryPoint","urlTemplate":"https:\/\/bico.ch\/fr\/?s={search_term_string}"},"query-input":{"@type":"PropertyValueSpecification","valueRequired":true,"valueName":"search_term_string"}}],"inLanguage":"fr-FR"},{"@type":"Organization","@id":"https:\/\/bico.ch\/fr\/#organization","name":"BICO","url":"https:\/\/bico.ch\/fr\/","logo":{"@type":"ImageObject","inLanguage":"fr-FR","@id":"https:\/\/bico.ch\/fr\/#\/schema\/logo\/image\/","url":"https:\/\/bico.ch\/wp-content\/uploads\/2022\/11\/BICO_Logo_Black-e1667997604131.png","contentUrl":"https:\/\/bico.ch\/wp-content\/uploads\/2022\/11\/BICO_Logo_Black-e1667997604131.png","width":2481,"height":1754,"caption":"BICO"},"image":{"@id":"https:\/\/bico.ch\/fr\/#\/schema\/logo\/image\/"},"sameAs":["https:\/\/www.facebook.com\/bicoswitzerland","https:\/\/www.instagram.com\/bicoswitzerland\/","https:\/\/www.youtube.com\/channel\/UCnyVAqYqj5XdkWKWY5CFJ3A","https:\/\/www.linkedin.com\/showcase\/bicoswitzerland\/"]}]}},"_links":{"self":[{"href":"https:\/\/bico.ch\/fr\/wp-json\/wp\/v2\/pages\/185758","targetHints":{"allow":["GET"]}}],"collection":[{"href":"https:\/\/bico.ch\/fr\/wp-json\/wp\/v2\/pages"}],"about":[{"href":"https:\/\/bico.ch\/fr\/wp-json\/wp\/v2\/types\/page"}],"author":[{"embeddable":true,"href":"https:\/\/bico.ch\/fr\/wp-json\/wp\/v2\/users\/1"}],"replies":[{"embeddable":true,"href":"https:\/\/bico.ch\/fr\/wp-json\/wp\/v2\/comments?post=185758"}],"version-history":[{"count":0,"href":"https:\/\/bico.ch\/fr\/wp-json\/wp\/v2\/pages\/185758\/revisions"}],"wp:attachment":[{"href":"https:\/\/bico.ch\/fr\/wp-json\/wp\/v2\/media?parent=185758"}],"curies":[{"name":"wp","href":"https:\/\/api.w.org\/{rel}","templated":true}]}}