{"id":828063,"date":"2025-08-28T14:16:13","date_gmt":"2025-08-28T12:16:13","guid":{"rendered":"https:\/\/bico.ch\/produkt\/produit-configurateur-diva\/"},"modified":"2026-01-29T07:22:51","modified_gmt":"2026-01-29T06:22:51","slug":"produit-configurateur-diva","status":"publish","type":"product","link":"https:\/\/bico.ch\/fr\/produit\/produit-configurateur-diva\/","title":{"rendered":"Produit Configurateur DIVA"},"content":{"rendered":"<p>Ceci est un produit fictif pour les configurations DIVA. NE PAS SUPPRIMER!<\/p>\n","protected":false},"excerpt":{"rendered":"<p>Ceci est un produit fictif pour les configurations DIVA. NE PAS SUPPRIMER!<\/p>\n","protected":false},"featured_media":0,"comment_status":"open","ping_status":"closed","template":"","meta":{"_acf_changed":false},"product_brand":[],"product_cat":[280],"product_tag":[],"product_brand_taxonomy":[],"product_usp_taxonomy":[],"class_list":{"0":"post-828063","1":"product","2":"type-product","3":"status-publish","5":"product_cat-lits-boxspring","6":"product_shipping_class-expedition-fr","8":"first","9":"instock","10":"taxable","11":"shipping-taxable","12":"purchasable","13":"product-type-simple"},"acf":[],"yoast_head":"<!-- This site is optimized with the Yoast SEO Premium plugin v27.3 (Yoast SEO v27.4) - https:\/\/yoast.com\/product\/yoast-seo-premium-wordpress\/ -->\n<title>Produit Configurateur DIVA | BICO<\/title>\n<meta name=\"description\" content=\"Produit Configurateur DIVA\" \/>\n<meta name=\"robots\" content=\"index, follow, max-snippet:-1, max-image-preview:large, max-video-preview:-1\" \/>\n<link rel=\"canonical\" href=\"https:\/\/bico.ch\/fr\/produit\/produit-configurateur-diva\/\" \/>\n<meta property=\"og:locale\" content=\"fr_FR\" \/>\n<meta property=\"og:type\" content=\"article\" \/>\n<meta property=\"og:title\" content=\"Produit Configurateur DIVA\" \/>\n<meta property=\"og:description\" content=\"Produit Configurateur DIVA\" \/>\n<meta property=\"og:url\" content=\"https:\/\/bico.ch\/fr\/produit\/produit-configurateur-diva\/\" \/>\n<meta property=\"og:site_name\" content=\"BICO\" \/>\n<meta property=\"article:publisher\" content=\"https:\/\/www.facebook.com\/bicoswitzerland\" \/>\n<meta property=\"article:modified_time\" content=\"2026-01-29T06:22:51+00:00\" \/>\n<meta property=\"og:image\" content=\"https:\/\/bico.ch\/wp-content\/uploads\/2022\/11\/bico-startseitenbild-schweizer-berge-sternenhimmel.webp\" \/>\n\t<meta property=\"og:image:width\" content=\"1920\" \/>\n\t<meta property=\"og:image:height\" content=\"1440\" \/>\n\t<meta property=\"og:image:type\" content=\"image\/jpeg\" \/>\n<meta name=\"twitter:label1\" content=\"Prix\" \/>\n\t<meta name=\"twitter:data1\" content=\"&#067;&#072;&#070;&nbsp;0.00\" \/>\n\t<meta name=\"twitter:label2\" content=\"Disponibilit\u00e9\" \/>\n\t<meta name=\"twitter:data2\" content=\"En stock\" \/>\n<script type=\"application\/ld+json\" class=\"yoast-schema-graph\">{\"@context\":\"https:\\\/\\\/schema.org\",\"@graph\":[{\"@type\":\"WebPage\",\"@id\":\"https:\\\/\\\/bico.ch\\\/fr\\\/produit\\\/produit-configurateur-diva\\\/\",\"url\":\"https:\\\/\\\/bico.ch\\\/fr\\\/produit\\\/produit-configurateur-diva\\\/\",\"name\":\"Produit Configurateur DIVA | BICO\",\"isPartOf\":{\"@id\":\"https:\\\/\\\/bico.ch\\\/fr\\\/#website\"},\"datePublished\":\"2025-08-28T12:16:13+00:00\",\"dateModified\":\"2026-01-29T06:22:51+00:00\",\"description\":\"Produit Configurateur DIVA\",\"breadcrumb\":{\"@id\":\"https:\\\/\\\/bico.ch\\\/fr\\\/produit\\\/produit-configurateur-diva\\\/#breadcrumb\"},\"inLanguage\":\"fr-FR\",\"potentialAction\":[{\"@type\":\"ReadAction\",\"target\":[\"https:\\\/\\\/bico.ch\\\/fr\\\/produit\\\/produit-configurateur-diva\\\/\"]}]},{\"@type\":\"BreadcrumbList\",\"@id\":\"https:\\\/\\\/bico.ch\\\/fr\\\/produit\\\/produit-configurateur-diva\\\/#breadcrumb\",\"itemListElement\":[{\"@type\":\"ListItem\",\"position\":1,\"name\":\"Startseite\",\"item\":\"https:\\\/\\\/bico.ch\\\/fr\\\/\"},{\"@type\":\"ListItem\",\"position\":2,\"name\":\"Boutique\",\"item\":\"https:\\\/\\\/bico.ch\\\/fr\\\/boutique\\\/\"},{\"@type\":\"ListItem\",\"position\":3,\"name\":\"Produit Configurateur DIVA\"}]},{\"@type\":\"WebSite\",\"@id\":\"https:\\\/\\\/bico.ch\\\/fr\\\/#website\",\"url\":\"https:\\\/\\\/bico.ch\\\/fr\\\/\",\"name\":\"BICO\",\"description\":\"F\u00fcr \u00e4 t\u00fc\u00fcf\u00e4 gsund\u00e4 Schlaaf.\u00ae\",\"publisher\":{\"@id\":\"https:\\\/\\\/bico.ch\\\/fr\\\/#organization\"},\"alternateName\":\"bico.ch\",\"potentialAction\":[{\"@type\":\"SearchAction\",\"target\":{\"@type\":\"EntryPoint\",\"urlTemplate\":\"https:\\\/\\\/bico.ch\\\/fr\\\/?s={search_term_string}\"},\"query-input\":{\"@type\":\"PropertyValueSpecification\",\"valueRequired\":true,\"valueName\":\"search_term_string\"}}],\"inLanguage\":\"fr-FR\"},{\"@type\":\"Organization\",\"@id\":\"https:\\\/\\\/bico.ch\\\/fr\\\/#organization\",\"name\":\"BICO\",\"url\":\"https:\\\/\\\/bico.ch\\\/fr\\\/\",\"logo\":{\"@type\":\"ImageObject\",\"inLanguage\":\"fr-FR\",\"@id\":\"https:\\\/\\\/bico.ch\\\/fr\\\/#\\\/schema\\\/logo\\\/image\\\/\",\"url\":\"https:\\\/\\\/bico.ch\\\/wp-content\\\/uploads\\\/2022\\\/11\\\/BICO_Logo_Black-e1667997604131.png\",\"contentUrl\":\"https:\\\/\\\/bico.ch\\\/wp-content\\\/uploads\\\/2022\\\/11\\\/BICO_Logo_Black-e1667997604131.png\",\"width\":2481,\"height\":1754,\"caption\":\"BICO\"},\"image\":{\"@id\":\"https:\\\/\\\/bico.ch\\\/fr\\\/#\\\/schema\\\/logo\\\/image\\\/\"},\"sameAs\":[\"https:\\\/\\\/www.facebook.com\\\/bicoswitzerland\",\"https:\\\/\\\/www.instagram.com\\\/bicoswitzerland\\\/\",\"https:\\\/\\\/www.youtube.com\\\/channel\\\/UCnyVAqYqj5XdkWKWY5CFJ3A\",\"https:\\\/\\\/www.linkedin.com\\\/showcase\\\/bicoswitzerland\\\/\"]}]}<\/script>\n<meta property=\"product:price:amount\" content=\"0.00\" \/>\n<meta property=\"product:price:currency\" content=\"CHF\" \/>\n<meta property=\"og:availability\" content=\"instock\" \/>\n<meta property=\"product:availability\" content=\"instock\" \/>\n<meta property=\"product:retailer_item_id\" content=\"DIVA-DO-NOT-DELETE\" \/>\n<meta property=\"product:condition\" content=\"new\" \/>\n<!-- \/ Yoast SEO Premium plugin. -->","yoast_head_json":{"title":"Produit Configurateur DIVA | BICO","description":"Produit Configurateur DIVA","robots":{"index":"index","follow":"follow","max-snippet":"max-snippet:-1","max-image-preview":"max-image-preview:large","max-video-preview":"max-video-preview:-1"},"canonical":"https:\/\/bico.ch\/fr\/produit\/produit-configurateur-diva\/","og_locale":"fr_FR","og_type":"article","og_title":"Produit Configurateur DIVA","og_description":"Produit Configurateur DIVA","og_url":"https:\/\/bico.ch\/fr\/produit\/produit-configurateur-diva\/","og_site_name":"BICO","article_publisher":"https:\/\/www.facebook.com\/bicoswitzerland","article_modified_time":"2026-01-29T06:22:51+00:00","og_image":[{"width":1920,"height":1440,"url":"https:\/\/bico.ch\/wp-content\/uploads\/2022\/11\/bico-startseitenbild-schweizer-berge-sternenhimmel.webp","type":"image\/jpeg"}],"twitter_misc":{"Prix":"&#67;&#72;&#70;&nbsp;0.00","Disponibilit\u00e9":"En stock"},"schema":{"@context":"https:\/\/schema.org","@graph":[{"@type":"WebPage","@id":"https:\/\/bico.ch\/fr\/produit\/produit-configurateur-diva\/","url":"https:\/\/bico.ch\/fr\/produit\/produit-configurateur-diva\/","name":"Produit Configurateur DIVA | BICO","isPartOf":{"@id":"https:\/\/bico.ch\/fr\/#website"},"datePublished":"2025-08-28T12:16:13+00:00","dateModified":"2026-01-29T06:22:51+00:00","description":"Produit Configurateur DIVA","breadcrumb":{"@id":"https:\/\/bico.ch\/fr\/produit\/produit-configurateur-diva\/#breadcrumb"},"inLanguage":"fr-FR","potentialAction":[{"@type":"ReadAction","target":["https:\/\/bico.ch\/fr\/produit\/produit-configurateur-diva\/"]}]},{"@type":"BreadcrumbList","@id":"https:\/\/bico.ch\/fr\/produit\/produit-configurateur-diva\/#breadcrumb","itemListElement":[{"@type":"ListItem","position":1,"name":"Startseite","item":"https:\/\/bico.ch\/fr\/"},{"@type":"ListItem","position":2,"name":"Boutique","item":"https:\/\/bico.ch\/fr\/boutique\/"},{"@type":"ListItem","position":3,"name":"Produit Configurateur DIVA"}]},{"@type":"WebSite","@id":"https:\/\/bico.ch\/fr\/#website","url":"https:\/\/bico.ch\/fr\/","name":"BICO","description":"F\u00fcr \u00e4 t\u00fc\u00fcf\u00e4 gsund\u00e4 Schlaaf.\u00ae","publisher":{"@id":"https:\/\/bico.ch\/fr\/#organization"},"alternateName":"bico.ch","potentialAction":[{"@type":"SearchAction","target":{"@type":"EntryPoint","urlTemplate":"https:\/\/bico.ch\/fr\/?s={search_term_string}"},"query-input":{"@type":"PropertyValueSpecification","valueRequired":true,"valueName":"search_term_string"}}],"inLanguage":"fr-FR"},{"@type":"Organization","@id":"https:\/\/bico.ch\/fr\/#organization","name":"BICO","url":"https:\/\/bico.ch\/fr\/","logo":{"@type":"ImageObject","inLanguage":"fr-FR","@id":"https:\/\/bico.ch\/fr\/#\/schema\/logo\/image\/","url":"https:\/\/bico.ch\/wp-content\/uploads\/2022\/11\/BICO_Logo_Black-e1667997604131.png","contentUrl":"https:\/\/bico.ch\/wp-content\/uploads\/2022\/11\/BICO_Logo_Black-e1667997604131.png","width":2481,"height":1754,"caption":"BICO"},"image":{"@id":"https:\/\/bico.ch\/fr\/#\/schema\/logo\/image\/"},"sameAs":["https:\/\/www.facebook.com\/bicoswitzerland","https:\/\/www.instagram.com\/bicoswitzerland\/","https:\/\/www.youtube.com\/channel\/UCnyVAqYqj5XdkWKWY5CFJ3A","https:\/\/www.linkedin.com\/showcase\/bicoswitzerland\/"]}]},"product_price_amount":"0.00","product_price_currency":"CHF","og_availability":"instock","product_availability":"instock","product_retailer_item_id":"DIVA-DO-NOT-DELETE","product_condition":"new"},"_links":{"self":[{"href":"https:\/\/bico.ch\/fr\/wp-json\/wp\/v2\/product\/828063","targetHints":{"allow":["GET"]}}],"collection":[{"href":"https:\/\/bico.ch\/fr\/wp-json\/wp\/v2\/product"}],"about":[{"href":"https:\/\/bico.ch\/fr\/wp-json\/wp\/v2\/types\/product"}],"replies":[{"embeddable":true,"href":"https:\/\/bico.ch\/fr\/wp-json\/wp\/v2\/comments?post=828063"}],"wp:attachment":[{"href":"https:\/\/bico.ch\/fr\/wp-json\/wp\/v2\/media?parent=828063"}],"wp:term":[{"taxonomy":"product_brand","embeddable":true,"href":"https:\/\/bico.ch\/fr\/wp-json\/wp\/v2\/product_brand?post=828063"},{"taxonomy":"product_cat","embeddable":true,"href":"https:\/\/bico.ch\/fr\/wp-json\/wp\/v2\/product_cat?post=828063"},{"taxonomy":"product_tag","embeddable":true,"href":"https:\/\/bico.ch\/fr\/wp-json\/wp\/v2\/product_tag?post=828063"},{"taxonomy":"product_brand_taxonomy","embeddable":true,"href":"https:\/\/bico.ch\/fr\/wp-json\/wp\/v2\/product_brand_taxonomy?post=828063"},{"taxonomy":"product_usp_taxonomy","embeddable":true,"href":"https:\/\/bico.ch\/fr\/wp-json\/wp\/v2\/product_usp_taxonomy?post=828063"}],"curies":[{"name":"wp","href":"https:\/\/api.w.org\/{rel}","templated":true}]}}