{"id":651885,"date":"2025-09-04T13:40:10","date_gmt":"2025-09-04T11:40:10","guid":{"rendered":"https:\/\/bico.ch\/?page_id=651885"},"modified":"2026-02-19T14:55:51","modified_gmt":"2026-02-19T13:55:51","slug":"condizioni-partecipazione-concorsi","status":"publish","type":"page","link":"https:\/\/bico.ch\/it\/condizioni-partecipazione-concorsi\/","title":{"rendered":"Condizioni di partecipazione ai concorsi BICO 2025"},"content":{"rendered":"\n<div id=\"lead-text-block_00c9bfab93fd43ee7029a24f13a56cee\" class=\"lead-text \n mt-medium mb-small\">\n      <div class=\"container\">\n      <div class=\"row\">\n        <div class=\"offset-xl-2 col-xl-8\">\n\n          \n          \n                      <h1 class=\"title text-center h1 h1-big text-center mb-0\">Condizioni di partecipazione e protezione dei dati <\/h1>\n          \n          \n        <\/div>\n      <\/div>\n    <\/div>\n  <\/div>\n\n\n<div id=\"titel-text-block_834668c2d7f79b89ff1c8d43b4231b15\" class=\"titel-text \n mt-small mb-small\">\n\n      <div class=\"container\">\n\n      <div class=\"row justify-content-center\">\n        <div class=\"col-md-8 col-xl-6\">\n                                                    <div class=\"wysiwyg text  \">\n              <p>BICO (di seguito &#8220;noi&#8221;) organizza un concorso a premi gratuito tra 06.03. e 03.05.2026. Possono partecipare tutte le persone di et\u00e0 superiore ai 18 anni residenti in Svizzera. Non vi \u00e8 alcun obbligo di acquisto. Non sar\u00e0 avviata alcuna corrispondenza in merito al concorso. La partecipazione implica l&#8217;accettazione delle seguenti condizioni.<\/p>\n            <\/div>\n                            <\/div>\n      <\/div>\n    <\/div>\n  <\/div>\n\n\n<div id=\"titel-text-block_e23d149c9dfaa9b0bdb9dd3ec34a0a09\" class=\"titel-text \n mt-small mb-small\">\n\n      <div class=\"container\">\n\n      <div class=\"row justify-content-center\">\n        <div class=\"col-md-8 col-xl-6\">\n                      <h3 class=\"h2   \">\n              Procedura e partecipazione             <\/h3>\n                                                    <div class=\"wysiwyg text  \">\n              <p>La partecipazione \u00e8 possibile solo sul sito web bico.ch. La data di chiusura delle iscrizioni \u00e8 03.05.2026. I vincitori saranno selezionati a caso e contattati via e-mail.<\/p>\n            <\/div>\n                            <\/div>\n      <\/div>\n    <\/div>\n  <\/div>\n\n\n<div id=\"titel-text-block_ad10c4aecb597223902ee58a86bf9f40\" class=\"titel-text \n mt-small mb-small\">\n\n      <div class=\"container\">\n\n      <div class=\"row justify-content-center\">\n        <div class=\"col-md-8 col-xl-6\">\n                      <h3 class=\"h2   \">\n              Esclusione della partecipazione             <\/h3>\n                                                    <div class=\"wysiwyg text  \">\n              <p>Ci riserviamo il diritto di escludere i partecipanti che cercano deliberatamente di manipolare il concorso o di violare le condizioni di partecipazione. Qualsiasi manipolazione di questo concorso sar\u00e0 segnalata alla polizia. Non \u00e8 consentita la partecipazione tramite club di lotteria o servizi automatizzati. \u00c8 consentita una sola partecipazione al concorso per persona. Sono esclusi dalla partecipazione i dipendenti di Hilding Anders Switzerland AG, i dipendenti delle agenzie pubblicitarie coinvolte, nonch\u00e9 i club di concorso, i servizi automatizzati e altri partecipanti professionali\/commerciali.<\/p>\n            <\/div>\n                            <\/div>\n      <\/div>\n    <\/div>\n  <\/div>\n\n\n<div id=\"titel-text-block_cc57c9e5f79d97c9d380e117a98597f6\" class=\"titel-text \n mt-small mb-small\">\n\n      <div class=\"container\">\n\n      <div class=\"row justify-content-center\">\n        <div class=\"col-md-8 col-xl-6\">\n                      <h3 class=\"h2   \">\n              Riscatto delle vincite             <\/h3>\n                                                    <div class=\"wysiwyg text  \">\n              <p>Il premio non pu\u00f2 essere versato in contanti. I premi non saranno consegnati al di fuori della Svizzera. Il processo legale \u00e8 escluso. Il vincitore \u00e8 tenuto a inviare i dati di contatto per la consegna del premio a BICO, confermando cos\u00ec nuovamente le condizioni di partecipazione. Se questo feedback non viene ricevuto entro 4 giorni, il diritto al premio decadr\u00e0. Il BICO \u00e8 libero di assegnare il premio altrove o di lasciarlo decadere.<\/p>\n            <\/div>\n                            <\/div>\n      <\/div>\n    <\/div>\n  <\/div>\n\n\n<div id=\"titel-text-block_a3c41dab0c4204235ca337686f718a7c\" class=\"titel-text \n mt-small mb-small\">\n\n      <div class=\"container\">\n\n      <div class=\"row justify-content-center\">\n        <div class=\"col-md-8 col-xl-6\">\n                      <h3 class=\"h2   \">\n              Malfunzionamenti             <\/h3>\n                                                    <div class=\"wysiwyg text  \">\n              <p>Se, ad esempio, motivi tecnici impediscono il regolare svolgimento del concorso, possiamo interrompere il concorso in qualsiasi momento, senza preavviso e senza fornire motivazioni.<\/p>\n            <\/div>\n                            <\/div>\n      <\/div>\n    <\/div>\n  <\/div>\n\n\n<div id=\"titel-text-block_5aab6db17823f64f151ca2821b10b9f2\" class=\"titel-text \n mt-small mb-small\">\n\n      <div class=\"container\">\n\n      <div class=\"row justify-content-center\">\n        <div class=\"col-md-8 col-xl-6\">\n                      <h3 class=\"h2   \">\n              Informativa sulla privacy             <\/h3>\n                                                    <div class=\"wysiwyg text  \">\n              <p>I dati personali ottenuti nell&#8217;ambito del concorso saranno trattati in modo strettamente confidenziale e non saranno trasmessi a terzi. Ci impegniamo a trattare con cura i dati ottenuti nell&#8217;ambito del concorso e a gestirli in conformit\u00e0 alle disposizioni di legge in materia di protezione dei dati.<\/p>\n            <\/div>\n                            <\/div>\n      <\/div>\n    <\/div>\n  <\/div>\n\n\n<div id=\"titel-text-block_18ed13222e8c90e55980b5f672b4e653\" class=\"titel-text \n mt-small mb-big \">\n\n      <div class=\"container\">\n\n      <div class=\"row justify-content-center\">\n        <div class=\"col-md-8 col-xl-6\">\n                      <h3 class=\"h2   \">\n              Responsabile             <\/h3>\n                                                    <div class=\"wysiwyg text  \">\n              <p>BICO<\/p>\n<p>Hilding Anders Svizzera AG<br \/>\nBiltnerstrasse 42<br \/>\nCH-8718 Sch\u00e4nis<br \/>\nTelefono +41 55 619 66 00<\/p>\n<p>kontakt@bico.ch<br \/>\nbico.ch<\/p>\n            <\/div>\n                            <\/div>\n      <\/div>\n    <\/div>\n  <\/div>","protected":false},"excerpt":{"rendered":"","protected":false},"author":7,"featured_media":0,"parent":0,"menu_order":0,"comment_status":"closed","ping_status":"closed","template":"","meta":{"_acf_changed":false,"footnotes":""},"class_list":["post-651885","page","type-page","status-publish","hentry"],"acf":[],"yoast_head":"<!-- This site is optimized with the Yoast SEO Premium plugin v27.3 (Yoast SEO v27.4) - https:\/\/yoast.com\/product\/yoast-seo-premium-wordpress\/ -->\n<title>Condizioni di partecipazione ai concorsi | BICO<\/title>\n<meta name=\"description\" content=\"La partecipazione implica l&#039;accettazione delle seguenti condizioni.\" \/>\n<meta name=\"robots\" content=\"noindex, nofollow\" \/>\n<meta property=\"og:locale\" content=\"it_IT\" \/>\n<meta property=\"og:type\" content=\"article\" \/>\n<meta property=\"og:title\" content=\"Condizioni di partecipazione ai concorsi BICO 2025\" \/>\n<meta property=\"og:description\" content=\"La partecipazione implica l&#039;accettazione delle seguenti condizioni.\" \/>\n<meta property=\"og:url\" content=\"https:\/\/bico.ch\/it\/condizioni-partecipazione-concorsi\/\" \/>\n<meta property=\"og:site_name\" content=\"BICO\" \/>\n<meta property=\"article:publisher\" content=\"https:\/\/www.facebook.com\/bicoswitzerland\" \/>\n<meta property=\"article:modified_time\" content=\"2026-02-19T13:55:51+00:00\" \/>\n<meta property=\"og:image\" content=\"https:\/\/bico.ch\/wp-content\/uploads\/2022\/11\/bico-startseitenbild-schweizer-berge-sternenhimmel.webp\" \/>\n\t<meta property=\"og:image:width\" content=\"1920\" \/>\n\t<meta property=\"og:image:height\" content=\"1440\" \/>\n\t<meta property=\"og:image:type\" content=\"image\/jpeg\" \/>\n<script type=\"application\/ld+json\" class=\"yoast-schema-graph\">{\"@context\":\"https:\\\/\\\/schema.org\",\"@graph\":[{\"@type\":\"WebPage\",\"@id\":\"https:\\\/\\\/bico.ch\\\/it\\\/condizioni-partecipazione-concorsi\\\/\",\"url\":\"https:\\\/\\\/bico.ch\\\/it\\\/condizioni-partecipazione-concorsi\\\/\",\"name\":\"Condizioni di partecipazione ai concorsi | BICO\",\"isPartOf\":{\"@id\":\"https:\\\/\\\/bico.ch\\\/it\\\/#website\"},\"datePublished\":\"2025-09-04T11:40:10+00:00\",\"dateModified\":\"2026-02-19T13:55:51+00:00\",\"description\":\"La partecipazione implica l'accettazione delle seguenti condizioni.\",\"breadcrumb\":{\"@id\":\"https:\\\/\\\/bico.ch\\\/it\\\/condizioni-partecipazione-concorsi\\\/#breadcrumb\"},\"inLanguage\":\"it-IT\",\"potentialAction\":[{\"@type\":\"ReadAction\",\"target\":[\"https:\\\/\\\/bico.ch\\\/it\\\/condizioni-partecipazione-concorsi\\\/\"]}]},{\"@type\":\"BreadcrumbList\",\"@id\":\"https:\\\/\\\/bico.ch\\\/it\\\/condizioni-partecipazione-concorsi\\\/#breadcrumb\",\"itemListElement\":[{\"@type\":\"ListItem\",\"position\":1,\"name\":\"Startseite\",\"item\":\"https:\\\/\\\/bico.ch\\\/it\\\/\"},{\"@type\":\"ListItem\",\"position\":2,\"name\":\"Condizioni di partecipazione ai concorsi BICO 2025\"}]},{\"@type\":\"WebSite\",\"@id\":\"https:\\\/\\\/bico.ch\\\/it\\\/#website\",\"url\":\"https:\\\/\\\/bico.ch\\\/it\\\/\",\"name\":\"BICO\",\"description\":\"\",\"publisher\":{\"@id\":\"https:\\\/\\\/bico.ch\\\/it\\\/#organization\"},\"alternateName\":\"bico.ch\",\"potentialAction\":[{\"@type\":\"SearchAction\",\"target\":{\"@type\":\"EntryPoint\",\"urlTemplate\":\"https:\\\/\\\/bico.ch\\\/it\\\/?s={search_term_string}\"},\"query-input\":{\"@type\":\"PropertyValueSpecification\",\"valueRequired\":true,\"valueName\":\"search_term_string\"}}],\"inLanguage\":\"it-IT\"},{\"@type\":\"Organization\",\"@id\":\"https:\\\/\\\/bico.ch\\\/it\\\/#organization\",\"name\":\"BICO\",\"url\":\"https:\\\/\\\/bico.ch\\\/it\\\/\",\"logo\":{\"@type\":\"ImageObject\",\"inLanguage\":\"it-IT\",\"@id\":\"https:\\\/\\\/bico.ch\\\/it\\\/#\\\/schema\\\/logo\\\/image\\\/\",\"url\":\"https:\\\/\\\/bico.ch\\\/wp-content\\\/uploads\\\/2022\\\/11\\\/BICO_Logo_Black-e1667997604131.png\",\"contentUrl\":\"https:\\\/\\\/bico.ch\\\/wp-content\\\/uploads\\\/2022\\\/11\\\/BICO_Logo_Black-e1667997604131.png\",\"width\":2481,\"height\":1754,\"caption\":\"BICO\"},\"image\":{\"@id\":\"https:\\\/\\\/bico.ch\\\/it\\\/#\\\/schema\\\/logo\\\/image\\\/\"},\"sameAs\":[\"https:\\\/\\\/www.facebook.com\\\/bicoswitzerland\",\"https:\\\/\\\/www.instagram.com\\\/bicoswitzerland\\\/\",\"https:\\\/\\\/www.youtube.com\\\/channel\\\/UCnyVAqYqj5XdkWKWY5CFJ3A\",\"https:\\\/\\\/www.linkedin.com\\\/showcase\\\/bicoswitzerland\\\/\"]}]}<\/script>\n<!-- \/ Yoast SEO Premium plugin. -->","yoast_head_json":{"title":"Condizioni di partecipazione ai concorsi | BICO","description":"La partecipazione implica l'accettazione delle seguenti condizioni.","robots":{"index":"noindex","follow":"nofollow"},"og_locale":"it_IT","og_type":"article","og_title":"Condizioni di partecipazione ai concorsi BICO 2025","og_description":"La partecipazione implica l'accettazione delle seguenti condizioni.","og_url":"https:\/\/bico.ch\/it\/condizioni-partecipazione-concorsi\/","og_site_name":"BICO","article_publisher":"https:\/\/www.facebook.com\/bicoswitzerland","article_modified_time":"2026-02-19T13:55:51+00:00","og_image":[{"width":1920,"height":1440,"url":"https:\/\/bico.ch\/wp-content\/uploads\/2022\/11\/bico-startseitenbild-schweizer-berge-sternenhimmel.webp","type":"image\/jpeg"}],"schema":{"@context":"https:\/\/schema.org","@graph":[{"@type":"WebPage","@id":"https:\/\/bico.ch\/it\/condizioni-partecipazione-concorsi\/","url":"https:\/\/bico.ch\/it\/condizioni-partecipazione-concorsi\/","name":"Condizioni di partecipazione ai concorsi | BICO","isPartOf":{"@id":"https:\/\/bico.ch\/it\/#website"},"datePublished":"2025-09-04T11:40:10+00:00","dateModified":"2026-02-19T13:55:51+00:00","description":"La partecipazione implica l'accettazione delle seguenti condizioni.","breadcrumb":{"@id":"https:\/\/bico.ch\/it\/condizioni-partecipazione-concorsi\/#breadcrumb"},"inLanguage":"it-IT","potentialAction":[{"@type":"ReadAction","target":["https:\/\/bico.ch\/it\/condizioni-partecipazione-concorsi\/"]}]},{"@type":"BreadcrumbList","@id":"https:\/\/bico.ch\/it\/condizioni-partecipazione-concorsi\/#breadcrumb","itemListElement":[{"@type":"ListItem","position":1,"name":"Startseite","item":"https:\/\/bico.ch\/it\/"},{"@type":"ListItem","position":2,"name":"Condizioni di partecipazione ai concorsi BICO 2025"}]},{"@type":"WebSite","@id":"https:\/\/bico.ch\/it\/#website","url":"https:\/\/bico.ch\/it\/","name":"BICO","description":"","publisher":{"@id":"https:\/\/bico.ch\/it\/#organization"},"alternateName":"bico.ch","potentialAction":[{"@type":"SearchAction","target":{"@type":"EntryPoint","urlTemplate":"https:\/\/bico.ch\/it\/?s={search_term_string}"},"query-input":{"@type":"PropertyValueSpecification","valueRequired":true,"valueName":"search_term_string"}}],"inLanguage":"it-IT"},{"@type":"Organization","@id":"https:\/\/bico.ch\/it\/#organization","name":"BICO","url":"https:\/\/bico.ch\/it\/","logo":{"@type":"ImageObject","inLanguage":"it-IT","@id":"https:\/\/bico.ch\/it\/#\/schema\/logo\/image\/","url":"https:\/\/bico.ch\/wp-content\/uploads\/2022\/11\/BICO_Logo_Black-e1667997604131.png","contentUrl":"https:\/\/bico.ch\/wp-content\/uploads\/2022\/11\/BICO_Logo_Black-e1667997604131.png","width":2481,"height":1754,"caption":"BICO"},"image":{"@id":"https:\/\/bico.ch\/it\/#\/schema\/logo\/image\/"},"sameAs":["https:\/\/www.facebook.com\/bicoswitzerland","https:\/\/www.instagram.com\/bicoswitzerland\/","https:\/\/www.youtube.com\/channel\/UCnyVAqYqj5XdkWKWY5CFJ3A","https:\/\/www.linkedin.com\/showcase\/bicoswitzerland\/"]}]}},"_links":{"self":[{"href":"https:\/\/bico.ch\/it\/wp-json\/wp\/v2\/pages\/651885","targetHints":{"allow":["GET"]}}],"collection":[{"href":"https:\/\/bico.ch\/it\/wp-json\/wp\/v2\/pages"}],"about":[{"href":"https:\/\/bico.ch\/it\/wp-json\/wp\/v2\/types\/page"}],"author":[{"embeddable":true,"href":"https:\/\/bico.ch\/it\/wp-json\/wp\/v2\/users\/7"}],"replies":[{"embeddable":true,"href":"https:\/\/bico.ch\/it\/wp-json\/wp\/v2\/comments?post=651885"}],"version-history":[{"count":3,"href":"https:\/\/bico.ch\/it\/wp-json\/wp\/v2\/pages\/651885\/revisions"}],"predecessor-version":[{"id":851671,"href":"https:\/\/bico.ch\/it\/wp-json\/wp\/v2\/pages\/651885\/revisions\/851671"}],"wp:attachment":[{"href":"https:\/\/bico.ch\/it\/wp-json\/wp\/v2\/media?parent=651885"}],"curies":[{"name":"wp","href":"https:\/\/api.w.org\/{rel}","templated":true}]}}